{"id":47,"date":"2010-12-12T15:52:19","date_gmt":"2010-12-12T15:52:19","guid":{"rendered":"http:\/\/brauhart.de\/tobifm\/?page_id=47"},"modified":"2024-01-18T05:20:51","modified_gmt":"2024-01-18T05:20:51","slug":"follow-me","status":"publish","type":"page","link":"https:\/\/brauhart.de\/tobifm\/follow-me\/","title":{"rendered":"#TRAINfluencer"},"content":{"rendered":"<p><span style=\"background-color: #d5d5d5;\"><img loading=\"lazy\" decoding=\"async\" class=\"alignright size-medium wp-image-361\" src=\"http:\/\/brauhart.de\/tobifm\/wp-content\/uploads\/2023\/08\/Tobi_TRAINfluenzer_SPERRFRIST_17-08-300x300.png\" alt=\"\" width=\"300\" height=\"300\" srcset=\"https:\/\/brauhart.de\/tobifm\/wp-content\/uploads\/2023\/08\/Tobi_TRAINfluenzer_SPERRFRIST_17-08-300x300.png 300w, https:\/\/brauhart.de\/tobifm\/wp-content\/uploads\/2023\/08\/Tobi_TRAINfluenzer_SPERRFRIST_17-08-1024x1024.png 1024w, https:\/\/brauhart.de\/tobifm\/wp-content\/uploads\/2023\/08\/Tobi_TRAINfluenzer_SPERRFRIST_17-08-150x150.png 150w, https:\/\/brauhart.de\/tobifm\/wp-content\/uploads\/2023\/08\/Tobi_TRAINfluenzer_SPERRFRIST_17-08-768x768.png 768w, https:\/\/brauhart.de\/tobifm\/wp-content\/uploads\/2023\/08\/Tobi_TRAINfluenzer_SPERRFRIST_17-08-1536x1536.png 1536w, https:\/\/brauhart.de\/tobifm\/wp-content\/uploads\/2023\/08\/Tobi_TRAINfluenzer_SPERRFRIST_17-08-2048x2048.png 2048w, https:\/\/brauhart.de\/tobifm\/wp-content\/uploads\/2023\/08\/Tobi_TRAINfluenzer_SPERRFRIST_17-08-230x230.png 230w, https:\/\/brauhart.de\/tobifm\/wp-content\/uploads\/2023\/08\/Tobi_TRAINfluenzer_SPERRFRIST_17-08-80x80.png 80w\" sizes=\"auto, (max-width: 300px) 100vw, 300px\" \/>&#8222;Damit &#8218;Verkehrswende&#8216; nicht nur ein Wort bleibt.&#8220;<\/span><\/p>\n<p>Seit August 2023 engagiert sich Tobi als einer der\u00a0<strong>#TRAINfluencer<\/strong> der <a href=\"https:\/\/www.allianz-pro-schiene.de\">Allianz Pro Schiene<\/a>. Mit Streckenvideos und Einblicken in sein Berufsleben auf <a href=\"https:\/\/www.youtube.com\/@farmingnerds\">YouTube<\/a>, <a href=\"https:\/\/www.tiktok.com\/@farmingnerds\">TikTok<\/a>, <a href=\"https:\/\/www.instagram.com\/farmingnerds\/\">Instagram<\/a>\u00a0und <a href=\"https:\/\/www.linkedin.com\/in\/tobiasbrauhart\/\">LinkedIN<\/a> bringt er gerade der jungen Generation das Leben in der Schienenbranche n\u00e4her. Weg vom Image des schmutzigen Jobs, hin zu Freude am \u00d6PNV, an Hightech und an guten zukunftsf\u00e4higen Verdienstm\u00f6glichkeiten. Dabei bleibt er immer unparteiisch, ehrlich und offen.<\/p>\n<p>Und mit aktuell \u00fcber 750.000 &#8222;Views&#8220; und \u00fcber 5.000 Followern auf YouTube, kann er so weit nicht daneben liegen!<\/p>\n<p>Mehr Infos zu den TRAINfluencern der Allianz Pro Schiene gibt es <a href=\"https:\/\/www.allianz-pro-schiene.de\/trainfluencer\/\"><strong>hier<\/strong><\/a>.<\/p>\n<p>Die Allianz pro Schiene e. V. ist dabei ein gemeinn\u00fctziges<sup id=\"cite_ref-3\" class=\"reference\"><\/sup> Verkehrsb\u00fcndnis und setzt sich f\u00fcr einen h\u00f6heren Marktanteil des Schienenverkehrs im G\u00fcter- und Personenverkehr in Deutschland ein.<sup id=\"cite_ref-4\" class=\"reference\"><\/sup> Es f\u00fchrt Akteure aus Wirtschaft und Zivilgesellschaft zusammen. Der Verein wird sowohl von Unternehmen als auch von Umweltverb\u00e4nden, Gewerkschaften, Fahrgastorganisationen und Hochschulen getragen. Das gemeinsame Ziel dabei: Die Schiene im Wettbewerb der Verkehrstr\u00e4ger zu st\u00e4rken. (Quelle: de.wikipedia.org)<\/p>\n<p>&nbsp;<\/p>\n<p><script src=\"https:\/\/apis.google.com\/js\/platform.js\"><\/script><\/p>\n<div class=\"g-ytsubscribe\" data-channelid=\"UCCdMLFAB9MDj_V5pUUeqsSA\" data-layout=\"full\" data-count=\"default\"><\/div>\n<p>&nbsp;<\/p>\n","protected":false},"excerpt":{"rendered":"<p>&#8222;Damit &#8218;Verkehrswende&#8216; nicht nur ein Wort bleibt.&#8220; Seit August 2023 engagiert sich Tobi als einer der\u00a0#TRAINfluencer der Allianz Pro Schiene. Mit Streckenvideos und Einblicken in sein Berufsleben auf YouTube, TikTok, Instagram\u00a0und LinkedIN bringt er gerade der jungen Generation das Leben&hellip; <\/p>\n","protected":false},"author":1,"featured_media":0,"parent":0,"menu_order":8,"comment_status":"closed","ping_status":"open","template":"","meta":{"footnotes":""},"class_list":["post-47","page","type-page","status-publish","hentry"],"_links":{"self":[{"href":"https:\/\/brauhart.de\/tobifm\/wp-json\/wp\/v2\/pages\/47","targetHints":{"allow":["GET"]}}],"collection":[{"href":"https:\/\/brauhart.de\/tobifm\/wp-json\/wp\/v2\/pages"}],"about":[{"href":"https:\/\/brauhart.de\/tobifm\/wp-json\/wp\/v2\/types\/page"}],"author":[{"embeddable":true,"href":"https:\/\/brauhart.de\/tobifm\/wp-json\/wp\/v2\/users\/1"}],"replies":[{"embeddable":true,"href":"https:\/\/brauhart.de\/tobifm\/wp-json\/wp\/v2\/comments?post=47"}],"version-history":[{"count":17,"href":"https:\/\/brauhart.de\/tobifm\/wp-json\/wp\/v2\/pages\/47\/revisions"}],"predecessor-version":[{"id":502,"href":"https:\/\/brauhart.de\/tobifm\/wp-json\/wp\/v2\/pages\/47\/revisions\/502"}],"wp:attachment":[{"href":"https:\/\/brauhart.de\/tobifm\/wp-json\/wp\/v2\/media?parent=47"}],"curies":[{"name":"wp","href":"https:\/\/api.w.org\/{rel}","templated":true}]}}